{"id":360,"date":"2020-10-20T23:37:04","date_gmt":"2020-10-20T21:37:04","guid":{"rendered":"http:\/\/localhost:8888\/wordpress\/?page_id=360"},"modified":"2021-03-03T10:43:10","modified_gmt":"2021-03-03T09:43:10","slug":"associes","status":"publish","type":"page","link":"http:\/\/naudetpoux.com\/en\/associes\/","title":{"rendered":"Associ\u00e9s"},"content":{"rendered":"<div data-elementor-type=\"wp-page\" data-elementor-id=\"360\" class=\"elementor elementor-360\">\n\t\t\t\t\t\t<div class=\"elementor-inner\">\n\t\t\t\t<div class=\"elementor-section-wrap\">\n\t\t\t\t\t\t\t\t\t<section class=\"elementor-section elementor-top-section elementor-element elementor-element-e4f7017 elementor-section-full_width elementor-section-content-middle elementor-section-height-default elementor-section-height-default\" data-id=\"e4f7017\" data-element_type=\"section\">\n\t\t\t\t\t\t<div class=\"elementor-container elementor-column-gap-no\">\n\t\t\t\t\t\t\t<div class=\"elementor-row\">\n\t\t\t\t\t<div class=\"elementor-column elementor-col-100 elementor-top-column elementor-element elementor-element-d1388a7\" data-id=\"d1388a7\" data-element_type=\"column\">\n\t\t\t<div class=\"elementor-column-wrap elementor-element-populated\">\n\t\t\t\t\t\t\t<div class=\"elementor-widget-wrap\">\n\t\t\t\t\t\t<div class=\"elementor-element elementor-element-aa08a9d elementor-widget elementor-widget-heading\" data-id=\"aa08a9d\" data-element_type=\"widget\" data-widget_type=\"heading.default\">\n\t\t\t\t<div class=\"elementor-widget-container\">\n\t\t\t<h2 class=\"elementor-heading-title elementor-size-default\">Agency<\/h2>\t\t<\/div>\n\t\t\t\t<\/div>\n\t\t\t\t\t\t<\/div>\n\t\t\t\t\t<\/div>\n\t\t<\/div>\n\t\t\t\t\t\t\t\t<\/div>\n\t\t\t\t\t<\/div>\n\t\t<\/section>\n\t\t\t\t<section class=\"elementor-section elementor-top-section elementor-element elementor-element-f019f54 elementor-section-full_width elementor-section-content-middle elementor-section-height-default elementor-section-height-default\" data-id=\"f019f54\" data-element_type=\"section\">\n\t\t\t\t\t\t<div class=\"elementor-container elementor-column-gap-no\">\n\t\t\t\t\t\t\t<div class=\"elementor-row\">\n\t\t\t\t\t<div class=\"elementor-column elementor-col-100 elementor-top-column elementor-element elementor-element-da6f654\" data-id=\"da6f654\" data-element_type=\"column\">\n\t\t\t<div class=\"elementor-column-wrap elementor-element-populated\">\n\t\t\t\t\t\t\t<div class=\"elementor-widget-wrap\">\n\t\t\t\t\t\t<div class=\"elementor-element elementor-element-4ca5ca6 elementor-nav-menu__align-center elementor-nav-menu--dropdown-none elementor-widget elementor-widget-nav-menu\" data-id=\"4ca5ca6\" data-element_type=\"widget\" data-settings=\"{&quot;submenu_icon&quot;:{&quot;value&quot;:&quot;&lt;i class=\\&quot;\\&quot;&gt;&lt;\\\/i&gt;&quot;,&quot;library&quot;:&quot;&quot;},&quot;layout&quot;:&quot;horizontal&quot;}\" data-widget_type=\"nav-menu.default\">\n\t\t\t\t<div class=\"elementor-widget-container\">\n\t\t\t\t\t\t<nav migration_allowed=\"1\" migrated=\"0\" role=\"navigation\" class=\"elementor-nav-menu--main elementor-nav-menu__container elementor-nav-menu--layout-horizontal e--pointer-none\"><ul id=\"menu-1-4ca5ca6\" class=\"elementor-nav-menu\"><li class=\"menu-item menu-item-type-post_type menu-item-object-page menu-item-366\"><a href=\"http:\/\/naudetpoux.com\/en\/associes\/\" class=\"elementor-item\">Associ\u00e9s<\/a><\/li>\n<li class=\"menu-item menu-item-type-post_type menu-item-object-page menu-item-367\"><a href=\"http:\/\/naudetpoux.com\/en\/equipe\/\" class=\"elementor-item\">| \u00c9quipe |<\/a><\/li>\n<li class=\"menu-item menu-item-type-post_type menu-item-object-page menu-item-368\"><a href=\"http:\/\/naudetpoux.com\/en\/telechargement\/\" class=\"elementor-item\">T\u00e9l\u00e9chargement<\/a><\/li>\n<\/ul><\/nav>\n\t\t\t\t\t<div class=\"elementor-menu-toggle\" role=\"button\" tabindex=\"0\" aria-label=\"Menu Toggle\" aria-expanded=\"false\">\n\t\t\t<i aria-hidden=\"true\" role=\"presentation\" class=\"eicon-menu-bar\"><\/i>\t\t\t<span class=\"elementor-screen-only\">Menu<\/span>\n\t\t<\/div>\n\t\t\t<nav class=\"elementor-nav-menu--dropdown elementor-nav-menu__container\" role=\"navigation\" aria-hidden=\"true\"><ul id=\"menu-2-4ca5ca6\" class=\"elementor-nav-menu\"><li class=\"menu-item menu-item-type-post_type menu-item-object-page menu-item-366\"><a href=\"http:\/\/naudetpoux.com\/en\/associes\/\" class=\"elementor-item\" tabindex=\"-1\">Associ\u00e9s<\/a><\/li>\n<li class=\"menu-item menu-item-type-post_type menu-item-object-page menu-item-367\"><a href=\"http:\/\/naudetpoux.com\/en\/equipe\/\" class=\"elementor-item\" tabindex=\"-1\">| \u00c9quipe |<\/a><\/li>\n<li class=\"menu-item menu-item-type-post_type menu-item-object-page menu-item-368\"><a href=\"http:\/\/naudetpoux.com\/en\/telechargement\/\" class=\"elementor-item\" tabindex=\"-1\">T\u00e9l\u00e9chargement<\/a><\/li>\n<\/ul><\/nav>\n\t\t\t\t<\/div>\n\t\t\t\t<\/div>\n\t\t\t\t\t\t<\/div>\n\t\t\t\t\t<\/div>\n\t\t<\/div>\n\t\t\t\t\t\t\t\t<\/div>\n\t\t\t\t\t<\/div>\n\t\t<\/section>\n\t\t\t\t<section class=\"elementor-section elementor-top-section elementor-element elementor-element-f81810c elementor-section-height-full elementor-section-items-top elementor-section-boxed elementor-section-height-default\" data-id=\"f81810c\" data-element_type=\"section\">\n\t\t\t\t\t\t<div class=\"elementor-container elementor-column-gap-no\">\n\t\t\t\t\t\t\t<div class=\"elementor-row\">\n\t\t\t\t\t<div class=\"elementor-column elementor-col-50 elementor-top-column elementor-element elementor-element-71f3189\" data-id=\"71f3189\" data-element_type=\"column\">\n\t\t\t<div class=\"elementor-column-wrap elementor-element-populated\">\n\t\t\t\t\t\t\t<div class=\"elementor-widget-wrap\">\n\t\t\t\t\t\t<div class=\"elementor-element elementor-element-ef612c2 elementor-widget elementor-widget-image\" data-id=\"ef612c2\" data-element_type=\"widget\" data-widget_type=\"image.default\">\n\t\t\t\t<div class=\"elementor-widget-container\">\n\t\t\t\t\t\t\t\t<div class=\"elementor-image\">\n\t\t\t\t\t\t\t\t\t\t\t\t<img width=\"1920\" height=\"2560\" src=\"http:\/\/naudetpoux.com\/wp-content\/uploads\/2020\/10\/NP_PORTRAIT-HD_Schnepp-Renou_1-scaled.jpg\" class=\"attachment-full size-full wp-image-355\" alt=\"\" loading=\"lazy\" srcset=\"http:\/\/naudetpoux.com\/wp-content\/uploads\/2020\/10\/NP_PORTRAIT-HD_Schnepp-Renou_1-scaled.jpg 1920w, http:\/\/naudetpoux.com\/wp-content\/uploads\/2020\/10\/NP_PORTRAIT-HD_Schnepp-Renou_1-225x300.jpg 225w, http:\/\/naudetpoux.com\/wp-content\/uploads\/2020\/10\/NP_PORTRAIT-HD_Schnepp-Renou_1-768x1024.jpg 768w, http:\/\/naudetpoux.com\/wp-content\/uploads\/2020\/10\/NP_PORTRAIT-HD_Schnepp-Renou_1-1152x1536.jpg 1152w, http:\/\/naudetpoux.com\/wp-content\/uploads\/2020\/10\/NP_PORTRAIT-HD_Schnepp-Renou_1-1536x2048.jpg 1536w\" sizes=\"(max-width: 1920px) 100vw, 1920px\" \/>\t\t\t\t\t\t\t\t\t\t\t\t\t\t<\/div>\n\t\t\t\t\t\t<\/div>\n\t\t\t\t<\/div>\n\t\t\t\t\t\t<\/div>\n\t\t\t\t\t<\/div>\n\t\t<\/div>\n\t\t\t\t<div class=\"elementor-column elementor-col-50 elementor-top-column elementor-element elementor-element-561d5d2\" data-id=\"561d5d2\" data-element_type=\"column\">\n\t\t\t<div class=\"elementor-column-wrap elementor-element-populated\">\n\t\t\t\t\t\t\t<div class=\"elementor-widget-wrap\">\n\t\t\t\t\t\t<div class=\"elementor-element elementor-element-fac86d1 elementor-widget elementor-widget-text-editor\" data-id=\"fac86d1\" data-element_type=\"widget\" data-widget_type=\"text-editor.default\">\n\t\t\t\t<div class=\"elementor-widget-container\">\n\t\t\t\t\t\t\t\t<div class=\"elementor-text-editor elementor-clearfix\">\n\t\t\t\t<p>Au fil des ann\u00e9es se d\u00e9ploie dans le travail de l\u2019agence une continuit\u00e9 de pens\u00e9e qui se joue \u00ab des saisons \u00bb pour g\u00e9n\u00e9rer un travail contextuel, conceptuel et toujours circonstanci\u00e9.<br \/><span style=\"color: var( --e-global-color-text ); font-family: var( --e-global-typography-text-font-family ), Sans-serif;\">En qu\u00eate de pr\u00e9cision, de concision comme de sobri\u00e9t\u00e9, l\u2019agence aime confronter sa production \u00e0 l\u2019usure du temps comme \u00e0 l\u2019effet des modes.<br \/><\/span>De nombreux projets sont d\u2019ailleurs l\u2019occasion de r\u00e9-interroger les constructions dans leurs cycles de vie, dans leur recyclage et dans leur r\u00e9silience. La Ville ne se reconstruit-elle pas sur elle-m\u00eame par addition, superposition, stratification et s\u00e9dimentation ? Ce processus qui consiste \u00e0 inviter le temps dans le d\u00e9bat et dans le \u00ab process \u00bb encourage un regard neuf, cr\u00e9atif, audacieux et respectueux.<br \/>Ce regard caract\u00e9rise l\u2019approche de l\u2019agence, quelle que soit son \u00e9chelle d\u2019intervention, le b\u00e2timent, l\u2019\u00eelot, le territoire, et quel que soit son programme : logements bien s\u00fbr, r\u00e9sidences adapt\u00e9es (de plus en plus) mais aussi bureaux, \u00e9quipements (scolaires ou hospitaliers notamment) et am\u00e9nagements int\u00e9rieurs. C\u2019est avec s\u00e9r\u00e9nit\u00e9 que l\u2019agence aborde aujourd\u2019hui tout type de programme avec des partenaires confiants, ma\u00eetres d\u2019ouvrage priv\u00e9es et publics, promoteurs et investisseurs qui trouvent dans le travail de l\u2019agence une valeur sure, gage d\u2019\u00e9l\u00e9gance et de radicale contemporan\u00e9it\u00e9. Qu\u2019ils en soient remerci\u00e9s.<\/p><p>\u2014<br \/>Elizabeth Naud, associ\u00e9e<br \/>architecte DPLG<br \/>UP7 Paris, 1982<br \/>DSAP Peinture, ENSB-Arts, Paris, 1986<br \/>Assistante \u00e0 l\u2019ENSB-Art 1985-1990<br \/>\u2014<br \/>Luc Poux, associ\u00e9<br \/>architecte DPLG<br \/>\u00c9cole d\u2019architecture de Strasbourg, 1988<\/p>\t\t\t\t\t<\/div>\n\t\t\t\t\t\t<\/div>\n\t\t\t\t<\/div>\n\t\t\t\t\t\t<\/div>\n\t\t\t\t\t<\/div>\n\t\t<\/div>\n\t\t\t\t\t\t\t\t<\/div>\n\t\t\t\t\t<\/div>\n\t\t<\/section>\n\t\t\t\t\t\t\t\t\t<\/div>\n\t\t\t<\/div>\n\t\t\t\t\t<\/div>","protected":false},"excerpt":{"rendered":"<p>Agence Au fil des ann\u00e9es se d\u00e9ploie dans le travail de l\u2019agence une continuit\u00e9 de pens\u00e9e qui se joue \u00ab des saisons \u00bb pour g\u00e9n\u00e9rer un travail contextuel, conceptuel et toujours circonstanci\u00e9.En qu\u00eate de pr\u00e9cision, de concision comme de sobri\u00e9t\u00e9, l\u2019agence aime confronter sa production \u00e0 l\u2019usure du temps comme \u00e0 l\u2019effet des modes.De nombreux [&hellip;]<\/p>","protected":false},"author":1,"featured_media":0,"parent":0,"menu_order":0,"comment_status":"closed","ping_status":"closed","template":"","meta":{"spay_email":""},"_links":{"self":[{"href":"http:\/\/naudetpoux.com\/en\/wp-json\/wp\/v2\/pages\/360"}],"collection":[{"href":"http:\/\/naudetpoux.com\/en\/wp-json\/wp\/v2\/pages"}],"about":[{"href":"http:\/\/naudetpoux.com\/en\/wp-json\/wp\/v2\/types\/page"}],"author":[{"embeddable":true,"href":"http:\/\/naudetpoux.com\/en\/wp-json\/wp\/v2\/users\/1"}],"replies":[{"embeddable":true,"href":"http:\/\/naudetpoux.com\/en\/wp-json\/wp\/v2\/comments?post=360"}],"version-history":[{"count":144,"href":"http:\/\/naudetpoux.com\/en\/wp-json\/wp\/v2\/pages\/360\/revisions"}],"predecessor-version":[{"id":9179,"href":"http:\/\/naudetpoux.com\/en\/wp-json\/wp\/v2\/pages\/360\/revisions\/9179"}],"wp:attachment":[{"href":"http:\/\/naudetpoux.com\/en\/wp-json\/wp\/v2\/media?parent=360"}],"curies":[{"name":"wp","href":"https:\/\/api.w.org\/{rel}","templated":true}]}}