{"id":362,"date":"2020-10-20T23:37:04","date_gmt":"2020-10-20T21:37:04","guid":{"rendered":"http:\/\/localhost:8888\/wordpress\/?page_id=362"},"modified":"2021-10-12T11:05:53","modified_gmt":"2021-10-12T09:05:53","slug":"telechargement","status":"publish","type":"page","link":"http:\/\/naudetpoux.com\/en\/telechargement\/","title":{"rendered":"T\u00e9l\u00e9chargement"},"content":{"rendered":"<div data-elementor-type=\"wp-page\" data-elementor-id=\"362\" class=\"elementor elementor-362\">\n\t\t\t\t\t\t<div class=\"elementor-inner\">\n\t\t\t\t<div class=\"elementor-section-wrap\">\n\t\t\t\t\t\t\t\t\t<section class=\"elementor-section elementor-top-section elementor-element elementor-element-33250a0 elementor-section-full_width elementor-section-content-middle elementor-section-height-default elementor-section-height-default\" data-id=\"33250a0\" data-element_type=\"section\">\n\t\t\t\t\t\t<div class=\"elementor-container elementor-column-gap-no\">\n\t\t\t\t\t\t\t<div class=\"elementor-row\">\n\t\t\t\t\t<div class=\"elementor-column elementor-col-100 elementor-top-column elementor-element elementor-element-b511b95\" data-id=\"b511b95\" data-element_type=\"column\">\n\t\t\t<div class=\"elementor-column-wrap elementor-element-populated\">\n\t\t\t\t\t\t\t<div class=\"elementor-widget-wrap\">\n\t\t\t\t\t\t<div class=\"elementor-element elementor-element-65675d7 elementor-widget elementor-widget-heading\" data-id=\"65675d7\" data-element_type=\"widget\" data-widget_type=\"heading.default\">\n\t\t\t\t<div class=\"elementor-widget-container\">\n\t\t\t<h2 class=\"elementor-heading-title elementor-size-default\">Agency<\/h2>\t\t<\/div>\n\t\t\t\t<\/div>\n\t\t\t\t\t\t<\/div>\n\t\t\t\t\t<\/div>\n\t\t<\/div>\n\t\t\t\t\t\t\t\t<\/div>\n\t\t\t\t\t<\/div>\n\t\t<\/section>\n\t\t\t\t<section class=\"elementor-section elementor-top-section elementor-element elementor-element-f9b9822 elementor-section-full_width elementor-section-content-middle elementor-section-height-default elementor-section-height-default\" data-id=\"f9b9822\" data-element_type=\"section\">\n\t\t\t\t\t\t<div class=\"elementor-container elementor-column-gap-no\">\n\t\t\t\t\t\t\t<div class=\"elementor-row\">\n\t\t\t\t\t<div class=\"elementor-column elementor-col-100 elementor-top-column elementor-element elementor-element-a381cea\" data-id=\"a381cea\" data-element_type=\"column\">\n\t\t\t<div class=\"elementor-column-wrap elementor-element-populated\">\n\t\t\t\t\t\t\t<div class=\"elementor-widget-wrap\">\n\t\t\t\t\t\t<div class=\"elementor-element elementor-element-5508d89 elementor-nav-menu__align-center elementor-nav-menu--dropdown-none elementor-widget elementor-widget-nav-menu\" data-id=\"5508d89\" data-element_type=\"widget\" data-settings=\"{&quot;submenu_icon&quot;:{&quot;value&quot;:&quot;&lt;i class=\\&quot;\\&quot;&gt;&lt;\\\/i&gt;&quot;,&quot;library&quot;:&quot;&quot;},&quot;layout&quot;:&quot;horizontal&quot;}\" data-widget_type=\"nav-menu.default\">\n\t\t\t\t<div class=\"elementor-widget-container\">\n\t\t\t\t\t\t<nav migration_allowed=\"1\" migrated=\"0\" role=\"navigation\" class=\"elementor-nav-menu--main elementor-nav-menu__container elementor-nav-menu--layout-horizontal e--pointer-none\"><ul id=\"menu-1-5508d89\" class=\"elementor-nav-menu\"><li class=\"menu-item menu-item-type-post_type menu-item-object-page menu-item-366\"><a href=\"http:\/\/naudetpoux.com\/en\/associes\/\" class=\"elementor-item\">Associ\u00e9s<\/a><\/li>\n<li class=\"menu-item menu-item-type-post_type menu-item-object-page menu-item-367\"><a href=\"http:\/\/naudetpoux.com\/en\/equipe\/\" class=\"elementor-item\">| \u00c9quipe |<\/a><\/li>\n<li class=\"menu-item menu-item-type-post_type menu-item-object-page menu-item-368\"><a href=\"http:\/\/naudetpoux.com\/en\/telechargement\/\" class=\"elementor-item\">T\u00e9l\u00e9chargement<\/a><\/li>\n<\/ul><\/nav>\n\t\t\t\t\t<div class=\"elementor-menu-toggle\" role=\"button\" tabindex=\"0\" aria-label=\"Menu Toggle\" aria-expanded=\"false\">\n\t\t\t<i aria-hidden=\"true\" role=\"presentation\" class=\"eicon-menu-bar\"><\/i>\t\t\t<span class=\"elementor-screen-only\">Menu<\/span>\n\t\t<\/div>\n\t\t\t<nav class=\"elementor-nav-menu--dropdown elementor-nav-menu__container\" role=\"navigation\" aria-hidden=\"true\"><ul id=\"menu-2-5508d89\" class=\"elementor-nav-menu\"><li class=\"menu-item menu-item-type-post_type menu-item-object-page menu-item-366\"><a href=\"http:\/\/naudetpoux.com\/en\/associes\/\" class=\"elementor-item\" tabindex=\"-1\">Associ\u00e9s<\/a><\/li>\n<li class=\"menu-item menu-item-type-post_type menu-item-object-page menu-item-367\"><a href=\"http:\/\/naudetpoux.com\/en\/equipe\/\" class=\"elementor-item\" tabindex=\"-1\">| \u00c9quipe |<\/a><\/li>\n<li class=\"menu-item menu-item-type-post_type menu-item-object-page menu-item-368\"><a href=\"http:\/\/naudetpoux.com\/en\/telechargement\/\" class=\"elementor-item\" tabindex=\"-1\">T\u00e9l\u00e9chargement<\/a><\/li>\n<\/ul><\/nav>\n\t\t\t\t<\/div>\n\t\t\t\t<\/div>\n\t\t\t\t\t\t<\/div>\n\t\t\t\t\t<\/div>\n\t\t<\/div>\n\t\t\t\t\t\t\t\t<\/div>\n\t\t\t\t\t<\/div>\n\t\t<\/section>\n\t\t\t\t<section class=\"elementor-section elementor-top-section elementor-element elementor-element-7336985 elementor-section-full_width elementor-section-height-default elementor-section-height-default\" data-id=\"7336985\" data-element_type=\"section\">\n\t\t\t\t\t\t<div class=\"elementor-container elementor-column-gap-narrow\">\n\t\t\t\t\t\t\t<div class=\"elementor-row\">\n\t\t\t\t\t<div class=\"elementor-column elementor-col-33 elementor-top-column elementor-element elementor-element-2defdda\" data-id=\"2defdda\" data-element_type=\"column\">\n\t\t\t<div class=\"elementor-column-wrap elementor-element-populated\">\n\t\t\t\t\t\t\t<div class=\"elementor-widget-wrap\">\n\t\t\t\t\t\t<div class=\"elementor-element elementor-element-a5b72fc elementor-widget elementor-widget-image\" data-id=\"a5b72fc\" data-element_type=\"widget\" data-widget_type=\"image.default\">\n\t\t\t\t<div class=\"elementor-widget-container\">\n\t\t\t\t\t\t\t\t<div class=\"elementor-image\">\n\t\t\t\t\t\t\t\t\t\t\t\t\t<a href=\"http:\/\/naudetpoux.com\/wp-content\/uploads\/2020\/12\/Book_Bureaux_.pdf\" target=\"_blank\">\n\t\t\t\t\t\t\t<img width=\"797\" height=\"1024\" src=\"http:\/\/naudetpoux.com\/wp-content\/uploads\/2020\/10\/NP_01_BX_Page-garde-797x1024.jpg\" class=\"attachment-large size-large wp-image-384\" alt=\"\" loading=\"lazy\" srcset=\"http:\/\/naudetpoux.com\/wp-content\/uploads\/2020\/10\/NP_01_BX_Page-garde-797x1024.jpg 797w, http:\/\/naudetpoux.com\/wp-content\/uploads\/2020\/10\/NP_01_BX_Page-garde-233x300.jpg 233w, http:\/\/naudetpoux.com\/wp-content\/uploads\/2020\/10\/NP_01_BX_Page-garde-768x987.jpg 768w, http:\/\/naudetpoux.com\/wp-content\/uploads\/2020\/10\/NP_01_BX_Page-garde-1195x1536.jpg 1195w, http:\/\/naudetpoux.com\/wp-content\/uploads\/2020\/10\/NP_01_BX_Page-garde-1593x2048.jpg 1593w, http:\/\/naudetpoux.com\/wp-content\/uploads\/2020\/10\/NP_01_BX_Page-garde-scaled.jpg 1992w\" sizes=\"(max-width: 797px) 100vw, 797px\" \/>\t\t\t\t\t\t\t\t<\/a>\n\t\t\t\t\t\t\t\t\t\t\t\t\t\t<\/div>\n\t\t\t\t\t\t<\/div>\n\t\t\t\t<\/div>\n\t\t\t\t<div class=\"elementor-element elementor-element-8969f0f elementor-widget elementor-widget-heading\" data-id=\"8969f0f\" data-element_type=\"widget\" data-widget_type=\"heading.default\">\n\t\t\t\t<div class=\"elementor-widget-container\">\n\t\t\t<h6 class=\"elementor-heading-title elementor-size-default\">Book bureaux<\/h6>\t\t<\/div>\n\t\t\t\t<\/div>\n\t\t\t\t\t\t<\/div>\n\t\t\t\t\t<\/div>\n\t\t<\/div>\n\t\t\t\t<div class=\"elementor-column elementor-col-33 elementor-top-column elementor-element elementor-element-83ada5b\" data-id=\"83ada5b\" data-element_type=\"column\">\n\t\t\t<div class=\"elementor-column-wrap elementor-element-populated\">\n\t\t\t\t\t\t\t<div class=\"elementor-widget-wrap\">\n\t\t\t\t\t\t<div class=\"elementor-element elementor-element-097e032 elementor-widget elementor-widget-image\" data-id=\"097e032\" data-element_type=\"widget\" data-widget_type=\"image.default\">\n\t\t\t\t<div class=\"elementor-widget-container\">\n\t\t\t\t\t\t\t\t<div class=\"elementor-image\">\n\t\t\t\t\t\t\t\t\t\t\t\t\t<a href=\"http:\/\/naudetpoux.com\/wp-content\/uploads\/2021\/10\/Naud-Poux_BOOK-Amenagement-Interieur_BD.pdf\" target=\"_blank\">\n\t\t\t\t\t\t\t<img width=\"797\" height=\"1024\" src=\"http:\/\/naudetpoux.com\/wp-content\/uploads\/2020\/10\/NP_02_AI_Page-garde-797x1024.jpg\" class=\"attachment-large size-large wp-image-385\" alt=\"\" loading=\"lazy\" srcset=\"http:\/\/naudetpoux.com\/wp-content\/uploads\/2020\/10\/NP_02_AI_Page-garde-797x1024.jpg 797w, http:\/\/naudetpoux.com\/wp-content\/uploads\/2020\/10\/NP_02_AI_Page-garde-233x300.jpg 233w, http:\/\/naudetpoux.com\/wp-content\/uploads\/2020\/10\/NP_02_AI_Page-garde-768x987.jpg 768w, http:\/\/naudetpoux.com\/wp-content\/uploads\/2020\/10\/NP_02_AI_Page-garde-1195x1536.jpg 1195w, http:\/\/naudetpoux.com\/wp-content\/uploads\/2020\/10\/NP_02_AI_Page-garde-1593x2048.jpg 1593w, http:\/\/naudetpoux.com\/wp-content\/uploads\/2020\/10\/NP_02_AI_Page-garde-scaled.jpg 1992w\" sizes=\"(max-width: 797px) 100vw, 797px\" \/>\t\t\t\t\t\t\t\t<\/a>\n\t\t\t\t\t\t\t\t\t\t\t\t\t\t<\/div>\n\t\t\t\t\t\t<\/div>\n\t\t\t\t<\/div>\n\t\t\t\t<div class=\"elementor-element elementor-element-807d5eb elementor-widget elementor-widget-heading\" data-id=\"807d5eb\" data-element_type=\"widget\" data-widget_type=\"heading.default\">\n\t\t\t\t<div class=\"elementor-widget-container\">\n\t\t\t<h6 class=\"elementor-heading-title elementor-size-default\">Book Am\u00e9nagement d'int\u00e9rieur<\/h6>\t\t<\/div>\n\t\t\t\t<\/div>\n\t\t\t\t\t\t<\/div>\n\t\t\t\t\t<\/div>\n\t\t<\/div>\n\t\t\t\t<div class=\"elementor-column elementor-col-33 elementor-top-column elementor-element elementor-element-b7ea753\" data-id=\"b7ea753\" data-element_type=\"column\">\n\t\t\t<div class=\"elementor-column-wrap elementor-element-populated\">\n\t\t\t\t\t\t\t<div class=\"elementor-widget-wrap\">\n\t\t\t\t\t\t<div class=\"elementor-element elementor-element-1c66bca elementor-widget elementor-widget-image\" data-id=\"1c66bca\" data-element_type=\"widget\" data-widget_type=\"image.default\">\n\t\t\t\t<div class=\"elementor-widget-container\">\n\t\t\t\t\t\t\t\t<div class=\"elementor-image\">\n\t\t\t\t\t\t\t\t\t\t\t\t\t<a href=\"http:\/\/naudetpoux.com\/wp-content\/uploads\/2021\/10\/NP_03_LF_BD.pdf\" target=\"_blank\">\n\t\t\t\t\t\t\t<img width=\"797\" height=\"1024\" src=\"http:\/\/naudetpoux.com\/wp-content\/uploads\/2020\/10\/NP_03_LF_Page-garde-797x1024.jpg\" class=\"attachment-large size-large wp-image-386\" alt=\"\" loading=\"lazy\" srcset=\"http:\/\/naudetpoux.com\/wp-content\/uploads\/2020\/10\/NP_03_LF_Page-garde-797x1024.jpg 797w, http:\/\/naudetpoux.com\/wp-content\/uploads\/2020\/10\/NP_03_LF_Page-garde-233x300.jpg 233w, http:\/\/naudetpoux.com\/wp-content\/uploads\/2020\/10\/NP_03_LF_Page-garde-768x987.jpg 768w, http:\/\/naudetpoux.com\/wp-content\/uploads\/2020\/10\/NP_03_LF_Page-garde-1195x1536.jpg 1195w, http:\/\/naudetpoux.com\/wp-content\/uploads\/2020\/10\/NP_03_LF_Page-garde-1593x2048.jpg 1593w, http:\/\/naudetpoux.com\/wp-content\/uploads\/2020\/10\/NP_03_LF_Page-garde-scaled.jpg 1992w\" sizes=\"(max-width: 797px) 100vw, 797px\" \/>\t\t\t\t\t\t\t\t<\/a>\n\t\t\t\t\t\t\t\t\t\t\t\t\t\t<\/div>\n\t\t\t\t\t\t<\/div>\n\t\t\t\t<\/div>\n\t\t\t\t<div class=\"elementor-element elementor-element-ca0e1c5 elementor-widget elementor-widget-heading\" data-id=\"ca0e1c5\" data-element_type=\"widget\" data-widget_type=\"heading.default\">\n\t\t\t\t<div class=\"elementor-widget-container\">\n\t\t\t<h6 class=\"elementor-heading-title elementor-size-default\">Book logements<\/h6>\t\t<\/div>\n\t\t\t\t<\/div>\n\t\t\t\t\t\t<\/div>\n\t\t\t\t\t<\/div>\n\t\t<\/div>\n\t\t\t\t\t\t\t\t<\/div>\n\t\t\t\t\t<\/div>\n\t\t<\/section>\n\t\t\t\t<section class=\"elementor-section elementor-top-section elementor-element elementor-element-466a29f elementor-section-full_width elementor-section-height-default elementor-section-height-default\" data-id=\"466a29f\" data-element_type=\"section\">\n\t\t\t\t\t\t<div class=\"elementor-container elementor-column-gap-narrow\">\n\t\t\t\t\t\t\t<div class=\"elementor-row\">\n\t\t\t\t\t<div class=\"elementor-column elementor-col-33 elementor-top-column elementor-element elementor-element-14d88c6\" data-id=\"14d88c6\" data-element_type=\"column\">\n\t\t\t<div class=\"elementor-column-wrap elementor-element-populated\">\n\t\t\t\t\t\t\t<div class=\"elementor-widget-wrap\">\n\t\t\t\t\t\t<div class=\"elementor-element elementor-element-ddaae43 elementor-widget elementor-widget-image\" data-id=\"ddaae43\" data-element_type=\"widget\" data-widget_type=\"image.default\">\n\t\t\t\t<div class=\"elementor-widget-container\">\n\t\t\t\t\t\t\t\t<div class=\"elementor-image\">\n\t\t\t\t\t\t\t\t\t\t\t\t\t<a href=\"http:\/\/naudetpoux.com\/wp-content\/uploads\/2021\/10\/NP_04_LS_RINCk_BD.pdf\" target=\"_blank\">\n\t\t\t\t\t\t\t<img width=\"797\" height=\"1024\" src=\"http:\/\/naudetpoux.com\/wp-content\/uploads\/2020\/10\/NP_04_LS_Page-garde-797x1024.jpg\" class=\"attachment-large size-large wp-image-387\" alt=\"\" loading=\"lazy\" srcset=\"http:\/\/naudetpoux.com\/wp-content\/uploads\/2020\/10\/NP_04_LS_Page-garde-797x1024.jpg 797w, http:\/\/naudetpoux.com\/wp-content\/uploads\/2020\/10\/NP_04_LS_Page-garde-233x300.jpg 233w, http:\/\/naudetpoux.com\/wp-content\/uploads\/2020\/10\/NP_04_LS_Page-garde-768x987.jpg 768w, http:\/\/naudetpoux.com\/wp-content\/uploads\/2020\/10\/NP_04_LS_Page-garde-1195x1536.jpg 1195w, http:\/\/naudetpoux.com\/wp-content\/uploads\/2020\/10\/NP_04_LS_Page-garde-1593x2048.jpg 1593w, http:\/\/naudetpoux.com\/wp-content\/uploads\/2020\/10\/NP_04_LS_Page-garde-scaled.jpg 1992w\" sizes=\"(max-width: 797px) 100vw, 797px\" \/>\t\t\t\t\t\t\t\t<\/a>\n\t\t\t\t\t\t\t\t\t\t\t\t\t\t<\/div>\n\t\t\t\t\t\t<\/div>\n\t\t\t\t<\/div>\n\t\t\t\t<div class=\"elementor-element elementor-element-bd8f23e elementor-widget elementor-widget-heading\" data-id=\"bd8f23e\" data-element_type=\"widget\" data-widget_type=\"heading.default\">\n\t\t\t\t<div class=\"elementor-widget-container\">\n\t\t\t<h6 class=\"elementor-heading-title elementor-size-default\">Book logements SP\u00c9CIFIQUES <\/h6>\t\t<\/div>\n\t\t\t\t<\/div>\n\t\t\t\t\t\t<\/div>\n\t\t\t\t\t<\/div>\n\t\t<\/div>\n\t\t\t\t<div class=\"elementor-column elementor-col-33 elementor-top-column elementor-element elementor-element-3a13263\" data-id=\"3a13263\" data-element_type=\"column\">\n\t\t\t<div class=\"elementor-column-wrap elementor-element-populated\">\n\t\t\t\t\t\t\t<div class=\"elementor-widget-wrap\">\n\t\t\t\t\t\t<div class=\"elementor-element elementor-element-b027296 elementor-widget elementor-widget-image\" data-id=\"b027296\" data-element_type=\"widget\" data-widget_type=\"image.default\">\n\t\t\t\t<div class=\"elementor-widget-container\">\n\t\t\t\t\t\t\t\t<div class=\"elementor-image\">\n\t\t\t\t\t\t\t\t\t\t\t\t\t<a href=\"http:\/\/naudetpoux.com\/wp-content\/uploads\/2021\/01\/NP_COM_05_EP_BD.pdf\" target=\"_blank\">\n\t\t\t\t\t\t\t<img width=\"797\" height=\"1024\" src=\"http:\/\/naudetpoux.com\/wp-content\/uploads\/2020\/10\/NP_05_EP_Page-garde-797x1024.jpg\" class=\"attachment-large size-large wp-image-388\" alt=\"\" loading=\"lazy\" srcset=\"http:\/\/naudetpoux.com\/wp-content\/uploads\/2020\/10\/NP_05_EP_Page-garde-797x1024.jpg 797w, http:\/\/naudetpoux.com\/wp-content\/uploads\/2020\/10\/NP_05_EP_Page-garde-233x300.jpg 233w, http:\/\/naudetpoux.com\/wp-content\/uploads\/2020\/10\/NP_05_EP_Page-garde-768x987.jpg 768w, http:\/\/naudetpoux.com\/wp-content\/uploads\/2020\/10\/NP_05_EP_Page-garde-1195x1536.jpg 1195w, http:\/\/naudetpoux.com\/wp-content\/uploads\/2020\/10\/NP_05_EP_Page-garde-1593x2048.jpg 1593w, http:\/\/naudetpoux.com\/wp-content\/uploads\/2020\/10\/NP_05_EP_Page-garde-scaled.jpg 1992w\" sizes=\"(max-width: 797px) 100vw, 797px\" \/>\t\t\t\t\t\t\t\t<\/a>\n\t\t\t\t\t\t\t\t\t\t\t\t\t\t<\/div>\n\t\t\t\t\t\t<\/div>\n\t\t\t\t<\/div>\n\t\t\t\t<div class=\"elementor-element elementor-element-8c5519c elementor-widget elementor-widget-heading\" data-id=\"8c5519c\" data-element_type=\"widget\" data-widget_type=\"heading.default\">\n\t\t\t\t<div class=\"elementor-widget-container\">\n\t\t\t<h6 class=\"elementor-heading-title elementor-size-default\">Book \u00e9quipements<\/h6>\t\t<\/div>\n\t\t\t\t<\/div>\n\t\t\t\t\t\t<\/div>\n\t\t\t\t\t<\/div>\n\t\t<\/div>\n\t\t\t\t<div class=\"elementor-column elementor-col-33 elementor-top-column elementor-element elementor-element-b56d962\" data-id=\"b56d962\" data-element_type=\"column\">\n\t\t\t<div class=\"elementor-column-wrap elementor-element-populated\">\n\t\t\t\t\t\t\t<div class=\"elementor-widget-wrap\">\n\t\t\t\t\t\t<div class=\"elementor-element elementor-element-bfb096b elementor-widget elementor-widget-image\" data-id=\"bfb096b\" data-element_type=\"widget\" data-widget_type=\"image.default\">\n\t\t\t\t<div class=\"elementor-widget-container\">\n\t\t\t\t\t\t\t\t<div class=\"elementor-image\">\n\t\t\t\t\t\t\t\t\t\t\t\t\t<a href=\"http:\/\/naudetpoux.com\/wp-content\/uploads\/2021\/02\/NP_COM_PDF_Booklet_Paris-2072.pdf\" target=\"_blank\">\n\t\t\t\t\t\t\t<img width=\"795\" height=\"1024\" src=\"http:\/\/naudetpoux.com\/wp-content\/uploads\/2021\/02\/NP_COM_PDF_Booklet_Paris-2072-1-795x1024.jpg\" class=\"attachment-large size-large wp-image-8522\" alt=\"\" loading=\"lazy\" srcset=\"http:\/\/naudetpoux.com\/wp-content\/uploads\/2021\/02\/NP_COM_PDF_Booklet_Paris-2072-1-795x1024.jpg 795w, http:\/\/naudetpoux.com\/wp-content\/uploads\/2021\/02\/NP_COM_PDF_Booklet_Paris-2072-1-233x300.jpg 233w, http:\/\/naudetpoux.com\/wp-content\/uploads\/2021\/02\/NP_COM_PDF_Booklet_Paris-2072-1-768x989.jpg 768w, http:\/\/naudetpoux.com\/wp-content\/uploads\/2021\/02\/NP_COM_PDF_Booklet_Paris-2072-1-1193x1536.jpg 1193w, http:\/\/naudetpoux.com\/wp-content\/uploads\/2021\/02\/NP_COM_PDF_Booklet_Paris-2072-1-1591x2048.jpg 1591w, http:\/\/naudetpoux.com\/wp-content\/uploads\/2021\/02\/NP_COM_PDF_Booklet_Paris-2072-1-9x12.jpg 9w, http:\/\/naudetpoux.com\/wp-content\/uploads\/2021\/02\/NP_COM_PDF_Booklet_Paris-2072-1-scaled.jpg 1989w\" sizes=\"(max-width: 795px) 100vw, 795px\" \/>\t\t\t\t\t\t\t\t<\/a>\n\t\t\t\t\t\t\t\t\t\t\t\t\t\t<\/div>\n\t\t\t\t\t\t<\/div>\n\t\t\t\t<\/div>\n\t\t\t\t<div class=\"elementor-element elementor-element-e3d14df elementor-widget elementor-widget-heading\" data-id=\"e3d14df\" data-element_type=\"widget\" data-widget_type=\"heading.default\">\n\t\t\t\t<div class=\"elementor-widget-container\">\n\t\t\t<h6 class=\"elementor-heading-title elementor-size-default\">Pari(s) 2072<\/h6>\t\t<\/div>\n\t\t\t\t<\/div>\n\t\t\t\t\t\t<\/div>\n\t\t\t\t\t<\/div>\n\t\t<\/div>\n\t\t\t\t\t\t\t\t<\/div>\n\t\t\t\t\t<\/div>\n\t\t<\/section>\n\t\t\t\t<section class=\"elementor-section elementor-top-section elementor-element elementor-element-8a65938 elementor-section-full_width elementor-section-height-default elementor-section-height-default\" data-id=\"8a65938\" data-element_type=\"section\">\n\t\t\t\t\t\t<div class=\"elementor-container elementor-column-gap-narrow\">\n\t\t\t\t\t\t\t<div class=\"elementor-row\">\n\t\t\t\t\t<div class=\"elementor-column elementor-col-33 elementor-top-column elementor-element elementor-element-31e76bd\" data-id=\"31e76bd\" data-element_type=\"column\">\n\t\t\t<div class=\"elementor-column-wrap elementor-element-populated\">\n\t\t\t\t\t\t\t<div class=\"elementor-widget-wrap\">\n\t\t\t\t\t\t<div class=\"elementor-element elementor-element-a659ea3 elementor-widget elementor-widget-image\" data-id=\"a659ea3\" data-element_type=\"widget\" data-widget_type=\"image.default\">\n\t\t\t\t<div class=\"elementor-widget-container\">\n\t\t\t\t\t\t\t\t<div class=\"elementor-image\">\n\t\t\t\t\t\t\t\t\t\t\t\t\t<a href=\"http:\/\/naudetpoux.com\/wp-content\/uploads\/2021\/10\/NP_COM_PDF_Booklet_Ecohabiter.pdf\" target=\"_blank\">\n\t\t\t\t\t\t\t<img width=\"796\" height=\"1024\" src=\"http:\/\/naudetpoux.com\/wp-content\/uploads\/2021\/10\/NP_COM_PDF_Booklet_Ecohabiter_Page-Garde-796x1024.jpg\" class=\"attachment-large size-large wp-image-9484\" alt=\"\" loading=\"lazy\" srcset=\"http:\/\/naudetpoux.com\/wp-content\/uploads\/2021\/10\/NP_COM_PDF_Booklet_Ecohabiter_Page-Garde-796x1024.jpg 796w, http:\/\/naudetpoux.com\/wp-content\/uploads\/2021\/10\/NP_COM_PDF_Booklet_Ecohabiter_Page-Garde-233x300.jpg 233w, http:\/\/naudetpoux.com\/wp-content\/uploads\/2021\/10\/NP_COM_PDF_Booklet_Ecohabiter_Page-Garde-768x989.jpg 768w, http:\/\/naudetpoux.com\/wp-content\/uploads\/2021\/10\/NP_COM_PDF_Booklet_Ecohabiter_Page-Garde-1193x1536.jpg 1193w, http:\/\/naudetpoux.com\/wp-content\/uploads\/2021\/10\/NP_COM_PDF_Booklet_Ecohabiter_Page-Garde-1591x2048.jpg 1591w, http:\/\/naudetpoux.com\/wp-content\/uploads\/2021\/10\/NP_COM_PDF_Booklet_Ecohabiter_Page-Garde-9x12.jpg 9w, http:\/\/naudetpoux.com\/wp-content\/uploads\/2021\/10\/NP_COM_PDF_Booklet_Ecohabiter_Page-Garde-scaled.jpg 1989w\" sizes=\"(max-width: 796px) 100vw, 796px\" \/>\t\t\t\t\t\t\t\t<\/a>\n\t\t\t\t\t\t\t\t\t\t\t\t\t\t<\/div>\n\t\t\t\t\t\t<\/div>\n\t\t\t\t<\/div>\n\t\t\t\t<div class=\"elementor-element elementor-element-bf634a5 elementor-widget elementor-widget-heading\" data-id=\"bf634a5\" data-element_type=\"widget\" data-widget_type=\"heading.default\">\n\t\t\t\t<div class=\"elementor-widget-container\">\n\t\t\t<h6 class=\"elementor-heading-title elementor-size-default\"><a href=\"http:\/\/naudetpoux.com\/wp-content\/uploads\/2021\/10\/NP_COM_PDF_Booklet_Ecohabiter.pdf\" target=\"_blank\">notre charte \u00e9cohabiter<\/a><\/h6>\t\t<\/div>\n\t\t\t\t<\/div>\n\t\t\t\t\t\t<\/div>\n\t\t\t\t\t<\/div>\n\t\t<\/div>\n\t\t\t\t<div class=\"elementor-column elementor-col-33 elementor-top-column elementor-element elementor-element-32bf3c5\" data-id=\"32bf3c5\" data-element_type=\"column\">\n\t\t\t<div class=\"elementor-column-wrap elementor-element-populated\">\n\t\t\t\t\t\t\t<div class=\"elementor-widget-wrap\">\n\t\t\t\t\t\t\t\t<\/div>\n\t\t\t\t\t<\/div>\n\t\t<\/div>\n\t\t\t\t<div class=\"elementor-column elementor-col-33 elementor-top-column elementor-element elementor-element-470baa4\" data-id=\"470baa4\" data-element_type=\"column\">\n\t\t\t<div class=\"elementor-column-wrap elementor-element-populated\">\n\t\t\t\t\t\t\t<div class=\"elementor-widget-wrap\">\n\t\t\t\t\t\t\t\t<\/div>\n\t\t\t\t\t<\/div>\n\t\t<\/div>\n\t\t\t\t\t\t\t\t<\/div>\n\t\t\t\t\t<\/div>\n\t\t<\/section>\n\t\t\t\t\t\t\t\t\t<\/div>\n\t\t\t<\/div>\n\t\t\t\t\t<\/div>","protected":false},"excerpt":{"rendered":"<p>Agence Book bureaux Book Am\u00e9nagement d&rsquo;int\u00e9rieur Book logements Book logements SP\u00c9CIFIQUES Book \u00e9quipements Pari(s) 2072 notre charte \u00e9cohabiter<\/p>","protected":false},"author":1,"featured_media":0,"parent":0,"menu_order":0,"comment_status":"closed","ping_status":"closed","template":"","meta":{"spay_email":""},"_links":{"self":[{"href":"http:\/\/naudetpoux.com\/en\/wp-json\/wp\/v2\/pages\/362"}],"collection":[{"href":"http:\/\/naudetpoux.com\/en\/wp-json\/wp\/v2\/pages"}],"about":[{"href":"http:\/\/naudetpoux.com\/en\/wp-json\/wp\/v2\/types\/page"}],"author":[{"embeddable":true,"href":"http:\/\/naudetpoux.com\/en\/wp-json\/wp\/v2\/users\/1"}],"replies":[{"embeddable":true,"href":"http:\/\/naudetpoux.com\/en\/wp-json\/wp\/v2\/comments?post=362"}],"version-history":[{"count":156,"href":"http:\/\/naudetpoux.com\/en\/wp-json\/wp\/v2\/pages\/362\/revisions"}],"predecessor-version":[{"id":9491,"href":"http:\/\/naudetpoux.com\/en\/wp-json\/wp\/v2\/pages\/362\/revisions\/9491"}],"wp:attachment":[{"href":"http:\/\/naudetpoux.com\/en\/wp-json\/wp\/v2\/media?parent=362"}],"curies":[{"name":"wp","href":"https:\/\/api.w.org\/{rel}","templated":true}]}}